{"id":2062,"date":"2023-12-24T12:54:13","date_gmt":"2023-12-24T12:54:13","guid":{"rendered":"https:\/\/nueva.apiosapiorum.com\/cookie-richtlinie\/"},"modified":"2025-09-15T17:25:40","modified_gmt":"2025-09-15T17:25:40","slug":"cookie-richtlinie","status":"publish","type":"page","link":"https:\/\/apiosapiorum.com\/de\/cookie-richtlinie\/","title":{"rendered":"Cookie-Richtlinie"},"content":{"rendered":"\t\t<div data-elementor-type=\"wp-page\" data-elementor-id=\"2062\" class=\"elementor elementor-2062 elementor-448\" data-elementor-post-type=\"page\">\n\t\t\t\t<div class=\"elementor-element elementor-element-50074ce e-con-full e-flex e-con e-parent\" data-id=\"50074ce\" data-element_type=\"container\" data-e-type=\"container\" data-settings=\"{&quot;background_background&quot;:&quot;classic&quot;}\">\n\t\t\t\t<\/div>\n\t\t<div class=\"elementor-element elementor-element-035df91 e-flex e-con-boxed e-con e-parent\" data-id=\"035df91\" data-element_type=\"container\" data-e-type=\"container\">\n\t\t\t\t\t<div class=\"e-con-inner\">\n\t\t\t\t<div class=\"elementor-element elementor-element-e79011f elementor-widget elementor-widget-heading\" data-id=\"e79011f\" data-element_type=\"widget\" data-e-type=\"widget\" data-widget_type=\"heading.default\">\n\t\t\t\t<div class=\"elementor-widget-container\">\n\t\t\t\t\t<h2 class=\"elementor-heading-title elementor-size-default\">COOKIE-RICHTLINIE<\/h2>\t\t\t\t<\/div>\n\t\t\t\t<\/div>\n\t\t\t\t\t<\/div>\n\t\t\t\t<\/div>\n\t\t<div class=\"elementor-element elementor-element-828492d e-flex e-con-boxed e-con e-parent\" data-id=\"828492d\" data-element_type=\"container\" data-e-type=\"container\">\n\t\t\t\t\t<div class=\"e-con-inner\">\n\t\t\t\t<div class=\"elementor-element elementor-element-13dab2a elementor-widget elementor-widget-text-editor\" data-id=\"13dab2a\" data-element_type=\"widget\" data-e-type=\"widget\" data-widget_type=\"text-editor.default\">\n\t\t\t\t<div class=\"elementor-widget-container\">\n\t\t\t\t\t\t\t\t\t<p>\u00bfQu\u00e9 son las cookies?<\/p><p>Una Cookie es un fichero que se descarga en su ordenador al acceder a determinadas p\u00e1ginas web. Utilidad de las cookies en este sitio web Las cookies permiten a una p\u00e1gina web, entre otras cosas, almacenar y recuperar informaci\u00f3n sobre los h\u00e1bitos de navegaci\u00f3n de un usuario o de su equipo y, dependiendo de la informaci\u00f3n que contenga y de la forma en que utilice su equipo, pueden utilizarse para reconocer al usuario. <\/p><p>Las cookies son esenciales para el funcionamiento de internet, aportando innumerables ventajas en la prestaci\u00f3n de servicios interactivos, facilit\u00e1ndole la navegaci\u00f3n y usabilidad de nuestra web.<\/p><p><br>Tipos de cookies seg\u00fan la entidad que las gestiones.<\/p><p>Cookies propias <br>Son aquellas que se recaban por el propio editor para prestar el servicio solicitado por el usuario.<\/p><p>Cookies de terceros<br>Son aquellas que son recabadas y gestionadas por un tercero, estas no se pueden considerar propias. Seg\u00fan el plazo de tiempo que permanezcan activas. <\/p><p>Cookies de sesi\u00f3n<br>Recaban datos mientras el usuario navega por la web con la finalidad de prestar el servicio solicitado.<\/p><p>Cookies persistentes<br>Se almacenan en el terminar y la informaci\u00f3n obtenida, ser\u00e1 utilizada por el responsable de la cookie con la finalidad de prestar el servicio solicitado. Seg\u00fan su finalidad. <\/p><p>Cookies t\u00e9cnicas<br>Son las necesarias para la correcta navegaci\u00f3n por la web.<\/p><p>Cookies de personalizaci\u00f3n<br>Permiten al usuario las caracter\u00edsticas (idioma) para la navegaci\u00f3n por la website.<\/p><p>Cookies de an\u00e1lisis<br>Permiten al prestador el an\u00e1lisis vinculado a la navegaci\u00f3n realizada por el usuario, con la finalidad de llevar un seguimiento de uso de la p\u00e1gina web, as\u00ed como realizar estad\u00edsticas de los contenidos m\u00e1s visitados, n\u00famero de visitantes, etc.<\/p><p>Cookies de publicidad<br>Permiten al editor incluir en la p\u00e1gina web espacios publicitarios seg\u00fan la informaci\u00f3n obtenida a trav\u00e9s de los h\u00e1bitos de navegaci\u00f3n del usuario. Se informa al usuario de que tiene la posibilidad de configurar su navegador de modo que se le informe de la recepci\u00f3n de cookies, pudiendo, si as\u00ed lo desea, impedir que sean instaladas en su disco duro. <\/p><p>A continuaci\u00f3n le proporcionamos los enlaces de diversos navegadores, a trav\u00e9s de los cuales podr\u00e1 realizar dicha configuraci\u00f3n: <br>\u2022 Firefox desde aqu\u00ed: support.mozilla.org\/es\/kb\/habilitar-y- deshabilitar-cookies-que-los-sitios-web<br>\u2022 Chrome desde aqu\u00ed: support.google.com\/chrome\/bin\/answer.py?hl=es&amp;answer=95647 <br>\u2022 Explorer desde aqu\u00ed: windows.microsoft.com\/es-es\/internet-explorer\/delete-manage-cookies#ie=ie-10 <br>\u2022 Safari desde aqu\u00ed: support.apple.com\/kb\/ph17191?locale=es_ES <br>\u2022 Opera desde aqu\u00ed: help.opera.com\/Windows\/11.50\/es- ES\/cookies.html<\/p><p>La aplicaci\u00f3n que utilizamos para obtener y analizar la informaci\u00f3n de la navegaci\u00f3n es:<br>GoogleAnalytics. Puede consultar su pol\u00edtica de cookies a trav\u00e9s de los siguientes enlace:<br>\u2022 google.com\/analytics\/devguides\/collection\/analyticsjs\/cookie- usage  <br><br>Utilizada en relaci\u00f3n al tema de WordPress de la web. La cookie permite al propietario de la web implementar o cambiar el contenido de la web en tiempo real. Persistent HTML wordpress_test_cookie casauestudio.com Utilizada para comprobar si el navegador del usuario admite cookies. Session HTTP   <\/p>\t\t\t\t\t\t\t\t<\/div>\n\t\t\t\t<\/div>\n\t\t\t\t\t<\/div>\n\t\t\t\t<\/div>\n\t\t\t\t<\/div>\n\t\t","protected":false},"excerpt":{"rendered":"<p>COOKIE-RICHTLINIE \u00bfQu\u00e9 son las cookies? Una Cookie es un fichero que se descarga en su ordenador al acceder a determinadas p\u00e1ginas web. Utilidad de las cookies en este sitio web&#8230;<\/p>\n","protected":false},"author":1,"featured_media":0,"parent":0,"menu_order":0,"comment_status":"closed","ping_status":"closed","template":"elementor_header_footer","meta":{"_acf_changed":false,"inline_featured_image":false,"footnotes":""},"class_list":["post-2062","page","type-page","status-publish"],"acf":[],"yoast_head":"<!-- This site is optimized with the Yoast SEO plugin v27.2 - https:\/\/yoast.com\/product\/yoast-seo-wordpress\/ -->\n<title>Cookie-Richtlinie - sapiorum<\/title>\n<meta name=\"robots\" content=\"index, follow, max-snippet:-1, max-image-preview:large, max-video-preview:-1\" \/>\n<link rel=\"canonical\" href=\"https:\/\/apiosapiorum.com\/de\/cookie-richtlinie\/\" \/>\n<meta property=\"og:locale\" content=\"de_DE\" \/>\n<meta property=\"og:type\" content=\"article\" \/>\n<meta property=\"og:title\" content=\"Cookie-Richtlinie - sapiorum\" \/>\n<meta property=\"og:description\" content=\"COOKIE-RICHTLINIE \u00bfQu\u00e9 son las cookies? Una Cookie es un fichero que se descarga en su ordenador al acceder a determinadas p\u00e1ginas web. Utilidad de las cookies en este sitio web...\" \/>\n<meta property=\"og:url\" content=\"https:\/\/apiosapiorum.com\/de\/cookie-richtlinie\/\" \/>\n<meta property=\"og:site_name\" content=\"sapiorum\" \/>\n<meta property=\"article:modified_time\" content=\"2025-09-15T17:25:40+00:00\" \/>\n<meta property=\"og:image\" content=\"https:\/\/apiosapiorum.com\/wp-content\/uploads\/2024\/10\/1200x675-portada.jpg\" \/>\n\t<meta property=\"og:image:width\" content=\"1200\" \/>\n\t<meta property=\"og:image:height\" content=\"675\" \/>\n\t<meta property=\"og:image:type\" content=\"image\/jpeg\" \/>\n<meta name=\"twitter:card\" content=\"summary_large_image\" \/>\n<meta name=\"twitter:label1\" content=\"Gesch\u00e4tzte Lesezeit\" \/>\n\t<meta name=\"twitter:data1\" content=\"3\u00a0Minuten\" \/>\n<script type=\"application\/ld+json\" class=\"yoast-schema-graph\">{\"@context\":\"https:\/\/schema.org\",\"@graph\":[{\"@type\":\"WebPage\",\"@id\":\"https:\/\/apiosapiorum.com\/de\/cookie-richtlinie\/\",\"url\":\"https:\/\/apiosapiorum.com\/de\/cookie-richtlinie\/\",\"name\":\"Cookie-Richtlinie - sapiorum\",\"isPartOf\":{\"@id\":\"https:\/\/apiosapiorum.com\/#website\"},\"datePublished\":\"2023-12-24T12:54:13+00:00\",\"dateModified\":\"2025-09-15T17:25:40+00:00\",\"breadcrumb\":{\"@id\":\"https:\/\/apiosapiorum.com\/de\/cookie-richtlinie\/#breadcrumb\"},\"inLanguage\":\"de\",\"potentialAction\":[{\"@type\":\"ReadAction\",\"target\":[\"https:\/\/apiosapiorum.com\/de\/cookie-richtlinie\/\"]}]},{\"@type\":\"BreadcrumbList\",\"@id\":\"https:\/\/apiosapiorum.com\/de\/cookie-richtlinie\/#breadcrumb\",\"itemListElement\":[{\"@type\":\"ListItem\",\"position\":1,\"name\":\"Portada\",\"item\":\"https:\/\/apiosapiorum.com\/de\/\"},{\"@type\":\"ListItem\",\"position\":2,\"name\":\"Cookie-Richtlinie\"}]},{\"@type\":\"WebSite\",\"@id\":\"https:\/\/apiosapiorum.com\/#website\",\"url\":\"https:\/\/apiosapiorum.com\/\",\"name\":\"Apio sapiorum. El apio m\u00e1s grujiente y suave\",\"description\":\"El apio m\u00e1s crujiente y suave\",\"publisher\":{\"@id\":\"https:\/\/apiosapiorum.com\/#organization\"},\"potentialAction\":[{\"@type\":\"SearchAction\",\"target\":{\"@type\":\"EntryPoint\",\"urlTemplate\":\"https:\/\/apiosapiorum.com\/?s={search_term_string}\"},\"query-input\":{\"@type\":\"PropertyValueSpecification\",\"valueRequired\":true,\"valueName\":\"search_term_string\"}}],\"inLanguage\":\"de\"},{\"@type\":\"Organization\",\"@id\":\"https:\/\/apiosapiorum.com\/#organization\",\"name\":\"Apio sapiorum\",\"url\":\"https:\/\/apiosapiorum.com\/\",\"logo\":{\"@type\":\"ImageObject\",\"inLanguage\":\"de\",\"@id\":\"https:\/\/apiosapiorum.com\/#\/schema\/logo\/image\/\",\"url\":\"https:\/\/apiosapiorum.com\/wp-content\/uploads\/2023\/12\/logo_menu.svg\",\"contentUrl\":\"https:\/\/apiosapiorum.com\/wp-content\/uploads\/2023\/12\/logo_menu.svg\",\"width\":\"1024\",\"height\":\"1024\",\"caption\":\"Apio sapiorum\"},\"image\":{\"@id\":\"https:\/\/apiosapiorum.com\/#\/schema\/logo\/image\/\"}}]}<\/script>\n<!-- \/ Yoast SEO plugin. -->","yoast_head_json":{"title":"Cookie-Richtlinie - sapiorum","robots":{"index":"index","follow":"follow","max-snippet":"max-snippet:-1","max-image-preview":"max-image-preview:large","max-video-preview":"max-video-preview:-1"},"canonical":"https:\/\/apiosapiorum.com\/de\/cookie-richtlinie\/","og_locale":"de_DE","og_type":"article","og_title":"Cookie-Richtlinie - sapiorum","og_description":"COOKIE-RICHTLINIE \u00bfQu\u00e9 son las cookies? Una Cookie es un fichero que se descarga en su ordenador al acceder a determinadas p\u00e1ginas web. Utilidad de las cookies en este sitio web...","og_url":"https:\/\/apiosapiorum.com\/de\/cookie-richtlinie\/","og_site_name":"sapiorum","article_modified_time":"2025-09-15T17:25:40+00:00","og_image":[{"width":1200,"height":675,"url":"https:\/\/apiosapiorum.com\/wp-content\/uploads\/2024\/10\/1200x675-portada.jpg","type":"image\/jpeg"}],"twitter_card":"summary_large_image","twitter_misc":{"Gesch\u00e4tzte Lesezeit":"3\u00a0Minuten"},"schema":{"@context":"https:\/\/schema.org","@graph":[{"@type":"WebPage","@id":"https:\/\/apiosapiorum.com\/de\/cookie-richtlinie\/","url":"https:\/\/apiosapiorum.com\/de\/cookie-richtlinie\/","name":"Cookie-Richtlinie - sapiorum","isPartOf":{"@id":"https:\/\/apiosapiorum.com\/#website"},"datePublished":"2023-12-24T12:54:13+00:00","dateModified":"2025-09-15T17:25:40+00:00","breadcrumb":{"@id":"https:\/\/apiosapiorum.com\/de\/cookie-richtlinie\/#breadcrumb"},"inLanguage":"de","potentialAction":[{"@type":"ReadAction","target":["https:\/\/apiosapiorum.com\/de\/cookie-richtlinie\/"]}]},{"@type":"BreadcrumbList","@id":"https:\/\/apiosapiorum.com\/de\/cookie-richtlinie\/#breadcrumb","itemListElement":[{"@type":"ListItem","position":1,"name":"Portada","item":"https:\/\/apiosapiorum.com\/de\/"},{"@type":"ListItem","position":2,"name":"Cookie-Richtlinie"}]},{"@type":"WebSite","@id":"https:\/\/apiosapiorum.com\/#website","url":"https:\/\/apiosapiorum.com\/","name":"Apio sapiorum. El apio m\u00e1s grujiente y suave","description":"El apio m\u00e1s crujiente y suave","publisher":{"@id":"https:\/\/apiosapiorum.com\/#organization"},"potentialAction":[{"@type":"SearchAction","target":{"@type":"EntryPoint","urlTemplate":"https:\/\/apiosapiorum.com\/?s={search_term_string}"},"query-input":{"@type":"PropertyValueSpecification","valueRequired":true,"valueName":"search_term_string"}}],"inLanguage":"de"},{"@type":"Organization","@id":"https:\/\/apiosapiorum.com\/#organization","name":"Apio sapiorum","url":"https:\/\/apiosapiorum.com\/","logo":{"@type":"ImageObject","inLanguage":"de","@id":"https:\/\/apiosapiorum.com\/#\/schema\/logo\/image\/","url":"https:\/\/apiosapiorum.com\/wp-content\/uploads\/2023\/12\/logo_menu.svg","contentUrl":"https:\/\/apiosapiorum.com\/wp-content\/uploads\/2023\/12\/logo_menu.svg","width":"1024","height":"1024","caption":"Apio sapiorum"},"image":{"@id":"https:\/\/apiosapiorum.com\/#\/schema\/logo\/image\/"}}]}},"_links":{"self":[{"href":"https:\/\/apiosapiorum.com\/de\/wp-json\/wp\/v2\/pages\/2062","targetHints":{"allow":["GET"]}}],"collection":[{"href":"https:\/\/apiosapiorum.com\/de\/wp-json\/wp\/v2\/pages"}],"about":[{"href":"https:\/\/apiosapiorum.com\/de\/wp-json\/wp\/v2\/types\/page"}],"author":[{"embeddable":true,"href":"https:\/\/apiosapiorum.com\/de\/wp-json\/wp\/v2\/users\/1"}],"replies":[{"embeddable":true,"href":"https:\/\/apiosapiorum.com\/de\/wp-json\/wp\/v2\/comments?post=2062"}],"version-history":[{"count":1,"href":"https:\/\/apiosapiorum.com\/de\/wp-json\/wp\/v2\/pages\/2062\/revisions"}],"predecessor-version":[{"id":2063,"href":"https:\/\/apiosapiorum.com\/de\/wp-json\/wp\/v2\/pages\/2062\/revisions\/2063"}],"wp:attachment":[{"href":"https:\/\/apiosapiorum.com\/de\/wp-json\/wp\/v2\/media?parent=2062"}],"curies":[{"name":"wp","href":"https:\/\/api.w.org\/{rel}","templated":true}]}}